{"id":94,"date":"2020-10-11T19:00:15","date_gmt":"2020-10-11T18:00:15","guid":{"rendered":"http:\/\/equi-lingua.de\/?page_id=94"},"modified":"2020-10-11T19:27:07","modified_gmt":"2020-10-11T18:27:07","slug":"lehrgangs-angebot","status":"publish","type":"page","link":"http:\/\/equi-lingua.de\/?page_id=94","title":{"rendered":"Lehrgangs-Angebot"},"content":{"rendered":"\n<p>Anbei findet Ihr ein Angebot f\u00fcr den Einstieg ins Trail-Reiten aus dem Bezirk Hannover-S\u00fcd.<\/p>\n\n\n\n<p><strong>\u201eEinstieg in das Trail-Reiten\u201c<\/strong><\/p>\n\n\n\n<p><strong>bei Tanja Matuschke, Trainer B Reiten Basissport<\/strong><\/p>\n\n\n\n<p><strong>17. und 18.10.2020 oder 14. und 15.11.2020, PSG Hildesheimer B\u00f6rde, Algermissen OT Bledeln (bei gutem Wetter findet der Lehrgang drau\u00dfen statt)<\/strong><\/p>\n\n\n\n<p>Dieses Lehrgangsangebot richtet sich an Reiter aller Reitweisen und Pferde aller Rassen. Die Trail-Hindernisse bieten nicht nur viel Spa\u00df, sondern sorgen f\u00fcr konzentriertes Arbeiten und Abwechslung im Trainings-Alltag. Reichlich Anregungen gibt es an den verschiedenen und wechselnden Hindernissen wie Tonnen-Slalom, Steg, Plane, Br\u00fccke, M\u00fchle, Flattervorhang, etc..<\/p>\n\n\n\n<p>Im Trail-Parcours lernen Pferd und Reiter sich besser kennen. Die Kommunikation wird verfeinert und das Vertrauen zwischen beiden gest\u00e4rkt. Das motiviert Pferd und Reiter. Die Aktivierung der Hinterhand wird leicht gemacht und als Reiter verbesserst Du Deine Mittelposition. Auch werden manche Dressuraufgaben und Man\u00f6ver f\u00fcr die Pferde verst\u00e4ndlicher und sie Arbeiten freudig mit.<\/p>\n\n\n\n<ul><li>w\u00e4hrend des Lehrgangs werden die Teilnehmer mit den Trail-Hindernissen vertraut gemacht. Bei einigen Hindernissen kann es sinnvoll sein, sie zun\u00e4chst in der Bodenarbeit zu erarbeiten.<\/li><li>Damit der Lehrgang stattfinden kann, m\u00fcssen sich <strong>mindestens 6 <\/strong>Teilnehmer anmelden. Es stehen <strong>maximal 12<\/strong> Teilnehmerpl\u00e4tze zur Verf\u00fcgung.<\/li><li><strong>Teilnahme nur mit eigenem Pferd.<\/strong> Je Trainingseinheit 3 Teilnehmer.<\/li><li>Die Teilnehmer sollten mindestens 10 Jahre alt sein und ihr Pony\/Pferd in allen Grundgangarten selbst\u00e4ndig reiten k\u00f6nnen.<\/li><li>F\u00fcr die Ausr\u00fcstung weisen wir darauf hin, dass die Pferde mit dem n\u00f6tigen Beinschutz versehen werden (Gamaschen)!<\/li><\/ul>\n\n\n\n<p>Ausr\u00fcstung f\u00fcr die <strong>Teilnehmer:<\/strong> festes Schuhwerk, zweckm\u00e4\u00dfige bequeme Reitkleidung, <strong><u>Handschuhe!<\/u><\/strong> Alle Teilnehmer tragen eine Reitkappe. F\u00fcr die <strong>Pferde: <\/strong>Sattel und Trense der jeweiligen Reitweise. Beinschutz (Gamaschen) wird empfohlen.<\/p>\n\n\n\n<p><strong>Die Kosten betragen f\u00fcr Teilnehmer, die Mitglied eines Vereins im Bezirk Hannover sind 70,- Euro f\u00fcr das jeweilige Lehrgangs-Wochenende<\/strong>.<\/p>\n\n\n\n<p>Verpflegung ist bitte selbst\u00e4ndig mitzubringen.<strong> Durch die Corona-Vorschriften darf pro Reiter-\/Pferdpaar max. eine Begleitperson mitkommen. Mund-\/Nasenschutz ist selbst\u00e4ndig mitzubringen und bei Bedarf zu tragen.<\/strong><\/p>\n\n\n\n<p><strong>Sollte ein Teilnehmer kurzfristig nicht am Lehrgang teilnehmen k\u00f6nnen, muss selbst\u00e4ndig ein Ersatzteilnehmer gefunden werden, ansonsten wird die Kursgeb\u00fchr in voller H\u00f6he f\u00e4llig. Die Anmeldung ist nur per Email verbindlich.<\/strong><\/p>\n\n\n\n<p>Bitte gebt bei der Anmeldung mit an, in welchem Wunschzeitraum ihr gern reiten w\u00fcrdet. Es gibt folgende Zeitfenster:<\/p>\n\n\n\n<p>Gruppe 1: 11.00 \u2013 12.30 Uhr; Gruppe 2: 13.00 &#8211; 14.30 Uhr;<\/p>\n\n\n\n<p>Gruppe 3: 14.30 \u2013 16.00 Uhr; Gruppe 4: 16.00 \u2013 17.30 Uhr<strong>F\u00fcr weitere Fragen meldet Euch unter 0172\/5133941 oder per Email <\/strong><a href=\"mailto:tanjam@30eichen.de\"><strong>tanjam@30eichen.de<\/strong><\/a><strong> . Die erfolgreiche Anmeldung wird best\u00e4tigt.<\/strong><\/p>\n","protected":false},"excerpt":{"rendered":"<p>Anbei findet Ihr ein Angebot f\u00fcr den Einstieg ins Trail-Reiten aus dem Bezirk Hannover-S\u00fcd. \u201eEinstieg in das Trail-Reiten\u201c bei Tanja Matuschke, Trainer B Reiten Basissport 17. und 18.10.2020 oder 14. und 15.11.2020, PSG Hildesheimer B\u00f6rde, Algermissen OT Bledeln (bei gutem Wetter findet der Lehrgang drau\u00dfen statt) Dieses Lehrgangsangebot richtet sich an Reiter aller Reitweisen und &hellip; <a href=\"http:\/\/equi-lingua.de\/?page_id=94\" class=\"more-link\"><span class=\"screen-reader-text\">\u201eLehrgangs-Angebot\u201c <\/span>weiterlesen<\/a><\/p>\n","protected":false},"author":1,"featured_media":0,"parent":0,"menu_order":0,"comment_status":"closed","ping_status":"closed","template":"","meta":{"jetpack_post_was_ever_published":false},"jetpack_sharing_enabled":true,"_links":{"self":[{"href":"http:\/\/equi-lingua.de\/index.php?rest_route=\/wp\/v2\/pages\/94"}],"collection":[{"href":"http:\/\/equi-lingua.de\/index.php?rest_route=\/wp\/v2\/pages"}],"about":[{"href":"http:\/\/equi-lingua.de\/index.php?rest_route=\/wp\/v2\/types\/page"}],"author":[{"embeddable":true,"href":"http:\/\/equi-lingua.de\/index.php?rest_route=\/wp\/v2\/users\/1"}],"replies":[{"embeddable":true,"href":"http:\/\/equi-lingua.de\/index.php?rest_route=%2Fwp%2Fv2%2Fcomments&post=94"}],"version-history":[{"count":1,"href":"http:\/\/equi-lingua.de\/index.php?rest_route=\/wp\/v2\/pages\/94\/revisions"}],"predecessor-version":[{"id":95,"href":"http:\/\/equi-lingua.de\/index.php?rest_route=\/wp\/v2\/pages\/94\/revisions\/95"}],"wp:attachment":[{"href":"http:\/\/equi-lingua.de\/index.php?rest_route=%2Fwp%2Fv2%2Fmedia&parent=94"}],"curies":[{"name":"wp","href":"https:\/\/api.w.org\/{rel}","templated":true}]}}